{"id":5821,"date":"2020-09-14T12:46:04","date_gmt":"2020-09-14T12:46:04","guid":{"rendered":"https:\/\/branal.si\/?page_id=5821"},"modified":"2021-01-28T15:46:36","modified_gmt":"2021-01-28T15:46:36","slug":"nichteisenmetalle","status":"publish","type":"page","link":"https:\/\/branal.si\/de\/unsere-dienstleistungen\/nichteisenmetalle\/","title":{"rendered":"Nichteisenmetalle"},"content":{"rendered":"<section class=\"wpb-content-wrapper\"><p>[vc_row content_placement=&#8220;middle&#8220;][vc_column width=&#8220;1\/2&#8243;][vc_column_text]<\/p>\n<div class=\"kc-elm kc-css-285408 kc-title-wrap \">\n<h1 class=\"kc_title\">\u00dcber unsere Produktpalette<\/h1>\n<\/div>\n<div class=\"kc-elm kc-css-433888 kc_text_block\">\n<p>Wir verkaufen Halbfabrikate aus Aluminium, Messing, Kupfer und Edelstahl (inox). Unsere Produktpalette umfasst Messingstangen und Stangen aus Edelstahl (Inox) in verschiedenen Gr\u00f6\u00dfen. Wir k\u00f6nnen Waren in k\u00fcrzester Zeit mit eigenen Fahrzeugen liefern. Schnell, zuverl\u00e4ssig und zu wettbewerbsf\u00e4higen Preisen.<\/p>\n<\/div>\n<p>[\/vc_column_text][\/vc_column][vc_column width=&#8220;1\/2&#8243;][vc_single_image image=&#8220;4535&#8243; img_size=&#8220;full&#8220; alignment=&#8220;right&#8220;][\/vc_column][\/vc_row][vc_row content_placement=&#8220;middle&#8220; css=&#8220;.vc_custom_1600079664037{padding-top: 25px !important;padding-bottom: 25px !important;background-color: #ededed !important;}&#8220;][vc_column][vc_column_text el_class=&#8220;barva2&#8243;]<\/p>\n<h1 class=\"kc_title\" style=\"text-align: center;\">Unsere Dienstleistungen und Kompetenzen<\/h1>\n<p style=\"text-align: center;\">Ein st\u00e4ndiger Vorrat an Messing und Inox-Stangen. Wir sind spezialisiert auf die Belieferung kleinerer Werkzeugmacher, die unsere Flexibilit\u00e4t in Bezug auf St\u00fcckzahl und Lieferung sch\u00e4tzen. Wir kaufen auch Ihre Altmetalle. Wir sind f\u00fcr den Handel und die Sammlung von Altmetallen registriert. Rufen Sie uns an!<\/p>\n<p>[\/vc_column_text][\/vc_column][\/vc_row][vc_row content_placement=&#8220;middle&#8220;][vc_column width=&#8220;1\/2&#8243;][vc_column_text]<\/p>\n<h1 class=\"kc_title\">Ansprechpartner<\/h1>\n<div id=\"gtx-trans\" style=\"position: absolute; left: -168px; top: -0.5625px;\">\n<div class=\"gtx-trans-icon\"><\/div>\n<\/div>\n<p>[\/vc_column_text][vc_single_image image=&#8220;4395&#8243; img_size=&#8220;large&#8220;][\/vc_column][vc_column width=&#8220;1\/2&#8243;][vc_column_text]<\/p>\n<h4>Marko Koro\u0161ec<\/h4>\n<p><a href=\"tel:+386 51 218 052\">+386 51 218 052<\/a><br \/>\n<a href=\"mailto:metalli@branal.si\">metalli@branal.si<\/a>[\/vc_column_text][\/vc_column][\/vc_row][vc_row full_width=&#8220;stretch_row&#8220; content_placement=&#8220;middle&#8220; css=&#8220;.vc_custom_1600072949746{margin-bottom: -80px !important;padding-bottom: 0px !important;background-color: #00adef !important;}&#8220;][vc_column width=&#8220;1\/2&#8243;][vc_column_text]<\/p>\n<h2 style=\"color: white;\">W\u00fcnschen Sie weitere Informationen?<\/h2>\n<div class=\"kc-cta-text\" style=\"color: white;\">Wir sind hier um zu helfen. Rufen Sie uns an, senden Sie uns eine E-Mail oder kontaktieren Sie uns \u00fcber unsere Social-Media-Kan\u00e4le.<\/div>\n<p>[\/vc_column_text][\/vc_column][vc_column width=&#8220;1\/2&#8243;][vc_btn title=&#8220;KONTAKTIERE UNS&#8220; shape=&#8220;square&#8220; align=&#8220;center&#8220; link=&#8220;url:https%3A%2F%2Fbranal.si%2Fde%2Fkontakt%2F|title:Kontakt||&#8220;][\/vc_column][\/vc_row]<\/p>\n<\/section>","protected":false},"excerpt":{"rendered":"[vc_row content_placement=&#8220;middle&#8220;][vc_column width=&#8220;1\/2&#8243;][vc_column_text] \u00dcber unsere Produktpalette Wir verkaufen Halbfabrikate aus Aluminium, Messing, Kupfer und Edelstahl (inox). Unsere Produktpalette umfasst Messingstangen und Stangen aus Edelstahl (Inox) in verschiedenen Gr\u00f6\u00dfen. Wir k\u00f6nnen Waren in k\u00fcrzester Zeit mit eigenen Fahrzeugen liefern. Schnell, zuverl\u00e4ssig und zu wettbewerbsf\u00e4higen Preisen. [\/vc_column_text][\/vc_column][vc_column width=&#8220;1\/2&#8243;][vc_single_image image=&#8220;4535&#8243; img_size=&#8220;full&#8220; alignment=&#8220;right&#8220;][\/vc_column][\/vc_row][vc_row content_placement=&#8220;middle&#8220; css=&#8220;.vc_custom_1600079664037{padding-top: 25px !important;padding-bottom: 25px !important;background-color: ","protected":false},"author":784,"featured_media":0,"parent":5816,"menu_order":0,"comment_status":"closed","ping_status":"closed","template":"","meta":{"inline_featured_image":false},"_links":{"self":[{"href":"https:\/\/branal.si\/de\/wp-json\/wp\/v2\/pages\/5821"}],"collection":[{"href":"https:\/\/branal.si\/de\/wp-json\/wp\/v2\/pages"}],"about":[{"href":"https:\/\/branal.si\/de\/wp-json\/wp\/v2\/types\/page"}],"author":[{"embeddable":true,"href":"https:\/\/branal.si\/de\/wp-json\/wp\/v2\/users\/784"}],"replies":[{"embeddable":true,"href":"https:\/\/branal.si\/de\/wp-json\/wp\/v2\/comments?post=5821"}],"version-history":[{"count":2,"href":"https:\/\/branal.si\/de\/wp-json\/wp\/v2\/pages\/5821\/revisions"}],"predecessor-version":[{"id":5958,"href":"https:\/\/branal.si\/de\/wp-json\/wp\/v2\/pages\/5821\/revisions\/5958"}],"up":[{"embeddable":true,"href":"https:\/\/branal.si\/de\/wp-json\/wp\/v2\/pages\/5816"}],"wp:attachment":[{"href":"https:\/\/branal.si\/de\/wp-json\/wp\/v2\/media?parent=5821"}],"curies":[{"name":"wp","href":"https:\/\/api.w.org\/{rel}","templated":true}]}}