{"id":5829,"date":"2020-09-14T12:55:27","date_gmt":"2020-09-14T12:55:27","guid":{"rendered":"https:\/\/branal.si\/?page_id=5829"},"modified":"2021-01-28T15:49:25","modified_gmt":"2021-01-28T15:49:25","slug":"aufruestung-von-forstfahrzeugen","status":"publish","type":"page","link":"https:\/\/branal.si\/de\/unsere-dienstleistungen\/aufruestung-von-forstfahrzeugen\/","title":{"rendered":"Aufr\u00fcstung von Forstfahrzeugen"},"content":{"rendered":"<section class=\"wpb-content-wrapper\"><p>[vc_row content_placement=&#8220;middle&#8220;][vc_column width=&#8220;1\/2&#8243;][vc_column_text]<\/p>\n<div class=\"kc-elm kc-css-285408 kc-title-wrap \">\n<div class=\"kc-elm kc-css-145418 kc-title-wrap \">\n<h1 class=\"kc_title\">Aufr\u00fcstung<\/h1>\n<\/div>\n<div class=\"kc-elm kc-css-132806 kc_text_block\">\n<p>Unsere langj\u00e4hrige Erfahrung im Transportwesen und die Zusammenarbeit mit unseren Partnern erm\u00f6glicht es unseren Kunden, einfache und optimierte Aufr\u00fcstungen f\u00fcr Forstfahrzeuge und Anh\u00e4nger zu entwickeln. Wir installieren auch Lifte.<\/p>\n<\/div>\n<\/div>\n<div id=\"gtx-trans\" style=\"position: absolute; left: -102px; top: 64.4375px;\">\n<div class=\"gtx-trans-icon\"><\/div>\n<\/div>\n<p>[\/vc_column_text][\/vc_column][vc_column width=&#8220;1\/2&#8243;][vc_single_image image=&#8220;4541&#8243; img_size=&#8220;full&#8220; alignment=&#8220;right&#8220;][\/vc_column][\/vc_row][vc_row el_class=&#8220;barva&#8220;][vc_column][vc_column_text el_class=&#8220;barva2&#8243;]<\/p>\n<h1 class=\"kc_title\" style=\"text-align: center;\">Unsere Dienstleistungen<\/h1>\n<p>[\/vc_column_text][vc_row_inner equal_height=&#8220;yes&#8220;][vc_column_inner width=&#8220;1\/3&#8243; css=&#8220;.vc_custom_1600080318006{padding-top: 150px !important;padding-bottom: 150px !important;background-image: url(https:\/\/branal.si\/wp-content\/uploads\/2020\/09\/Branal_neu.jpg?id=5650) !important;background-position: center !important;background-repeat: no-repeat !important;background-size: cover !important;}&#8220;][vc_column_text]<\/p>\n<figure class=\"content-image\"><img decoding=\"async\" loading=\"lazy\" class=\"aligncenter\" src=\"https:\/\/branal.si\/wp-content\/uploads\/2019\/10\/Artboard-1-copy-14100.png\" alt=\"\" width=\"118\" height=\"118\" \/><\/figure>\n<div style=\"text-align: center;\"><strong>INNOVATIVE L\u00d6SUNGEN<\/strong><\/div>\n<div style=\"text-align: center;\">Der Markt verlangt immer einfachere Aufr\u00fcstungen f\u00fcr eine optimale Logistik. Das ist auch unsere Philosophie, w\u00e4hrend die Entwicklung unserer Partner uns den Zugang zu den am besten geeigneten Materialien und L\u00f6sungen in unserer Produktpalette erm\u00f6glicht<\/div>\n<div id=\"gtx-trans\" style=\"position: absolute; left: 141px; top: 172px;\">\n<div class=\"gtx-trans-icon\"><\/div>\n<\/div>\n<p>[\/vc_column_text][\/vc_column_inner][vc_column_inner width=&#8220;1\/3&#8243; css=&#8220;.vc_custom_1600080435736{padding-top: 150px !important;padding-bottom: 150px !important;background-image: url(https:\/\/branal.si\/wp-content\/uploads\/2020\/09\/1.jpg?id=5590) !important;background-position: center !important;background-repeat: no-repeat !important;background-size: cover !important;}&#8220;][vc_column_text]<\/p>\n<figure class=\"content-image\"><img decoding=\"async\" loading=\"lazy\" class=\"aligncenter\" src=\"https:\/\/branal.si\/wp-content\/uploads\/2019\/10\/Artboard-1-copy-2100.png\" alt=\"\" width=\"118\" height=\"118\" \/><\/figure>\n<div style=\"text-align: center;\"><strong>FLEXIBILIT\u00c4T<\/strong><br \/>\nJede Aufr\u00fcstung hat ihre eigenen Anforderungen. Wir laden Sie ein, sich mit uns in Verbindung zu setzen und versprechen, alle Aspekte sorgf\u00e4ltig zu ber\u00fccksichtigen, um die technisch und wirtschaftlich am besten geeignete L\u00f6sung f\u00fcr Sie zu finden.<\/div>\n<div id=\"gtx-trans\" style=\"position: absolute; left: 74px; top: 124px;\">\n<div class=\"gtx-trans-icon\"><\/div>\n<\/div>\n<p>[\/vc_column_text][\/vc_column_inner][vc_column_inner width=&#8220;1\/3&#8243; css=&#8220;.vc_custom_1600080404994{padding-top: 150px !important;padding-bottom: 150px !important;background-image: url(https:\/\/branal.si\/wp-content\/uploads\/2020\/09\/nadgr_1_neu.jpg?id=5713) !important;background-position: center !important;background-repeat: no-repeat !important;background-size: cover !important;}&#8220;][vc_column_text]<\/p>\n<figure class=\"content-image\"><img decoding=\"async\" loading=\"lazy\" class=\"aligncenter\" src=\"https:\/\/branal.si\/wp-content\/uploads\/2019\/10\/Artboard-1-copy-15100.png\" alt=\"\" width=\"118\" height=\"118\" \/><\/figure>\n<div style=\"text-align: center;\"><strong>GEPR\u00dcFTE QUALIT\u00c4T<\/strong><\/div>\n<div style=\"text-align: center;\">Wir produzieren und verkaufen nur Dinge, an die wir fest glauben. Wir bieten Garantien f\u00fcr unsere eigenen Produkte und Anlagen sowie die Herstellergarantie f\u00fcr installierte Materialien. Bei uns sind Sie in guten H\u00e4nden. Rufen Sie uns an!<\/div>\n<div id=\"gtx-trans\" style=\"position: absolute; left: 123px; top: 124px;\">\n<div class=\"gtx-trans-icon\"><\/div>\n<\/div>\n<p>[\/vc_column_text][\/vc_column_inner][\/vc_row_inner][\/vc_column][\/vc_row][vc_row content_placement=&#8220;middle&#8220; css=&#8220;.vc_custom_1600080118318{margin-top: 50px !important;}&#8220;][vc_column width=&#8220;1\/2&#8243;][vc_column_text]<\/p>\n<h1 class=\"kc_title\">Ansprechpartner<\/h1>\n<div id=\"gtx-trans\" style=\"position: absolute; left: -169px; top: -0.5625px;\">\n<div class=\"gtx-trans-icon\"><\/div>\n<\/div>\n<p>[\/vc_column_text][vc_single_image image=&#8220;4395&#8243; img_size=&#8220;large&#8220;][\/vc_column][vc_column width=&#8220;1\/2&#8243;][vc_column_text]<\/p>\n<h4>Andrej Beber<\/h4>\n<p><a href=\"tel:+386 41 714 385\">+386 41 714 385<\/a><br \/>\n<a href=\"mailto:servis@branal.si\">servis@branal.si<\/a>[\/vc_column_text][\/vc_column][\/vc_row][vc_row full_width=&#8220;stretch_row&#8220; content_placement=&#8220;middle&#8220; css=&#8220;.vc_custom_1600072949746{margin-bottom: -80px !important;padding-bottom: 0px !important;background-color: #00adef !important;}&#8220;][vc_column width=&#8220;1\/2&#8243;][vc_column_text]<\/p>\n<h2 style=\"color: white;\">W\u00fcnschen Sie weitere Informationen?<\/h2>\n<div class=\"kc-cta-text\" style=\"color: white;\">Wir sind hier um zu helfen. Rufen Sie uns an oder senden Sie uns eine E-Mail oder kontaktieren Sie uns \u00fcber unsere sozialen Medien.<\/div>\n<p>[\/vc_column_text][\/vc_column][vc_column width=&#8220;1\/2&#8243;][vc_btn title=&#8220;KONTAKTIERE UNS&#8220; shape=&#8220;square&#8220; align=&#8220;center&#8220; link=&#8220;url:https%3A%2F%2Fbranal.si%2Fde%2Fkontakt%2F|title:Kontakt||&#8220;][\/vc_column][\/vc_row]<\/p>\n<\/section>","protected":false},"excerpt":{"rendered":"[vc_row content_placement=&#8220;middle&#8220;][vc_column width=&#8220;1\/2&#8243;][vc_column_text] Aufr\u00fcstung Unsere langj\u00e4hrige Erfahrung im Transportwesen und die Zusammenarbeit mit unseren Partnern erm\u00f6glicht es unseren Kunden, einfache und optimierte Aufr\u00fcstungen f\u00fcr Forstfahrzeuge und Anh\u00e4nger zu entwickeln. Wir installieren auch Lifte. [\/vc_column_text][\/vc_column][vc_column width=&#8220;1\/2&#8243;][vc_single_image image=&#8220;4541&#8243; img_size=&#8220;full&#8220; alignment=&#8220;right&#8220;][\/vc_column][\/vc_row][vc_row el_class=&#8220;barva&#8220;][vc_column][vc_column_text el_class=&#8220;barva2&#8243;] Unsere Dienstleistungen [\/vc_column_text][vc_row_inner equal_height=&#8220;yes&#8220;][vc_column_inner width=&#8220;1\/3&#8243; css=&#8220;.vc_custom_1600080318006{padding-top: 150px !important;padding-bottom: 150px !important;background-image: url(https:\/\/branal.si\/wp-content\/uploads\/2020\/09\/Branal_neu.jpg?id=5650) !important;background-position: center !important;background-repeat: no-repeat ","protected":false},"author":784,"featured_media":0,"parent":5816,"menu_order":0,"comment_status":"closed","ping_status":"closed","template":"","meta":{"inline_featured_image":false},"_links":{"self":[{"href":"https:\/\/branal.si\/de\/wp-json\/wp\/v2\/pages\/5829"}],"collection":[{"href":"https:\/\/branal.si\/de\/wp-json\/wp\/v2\/pages"}],"about":[{"href":"https:\/\/branal.si\/de\/wp-json\/wp\/v2\/types\/page"}],"author":[{"embeddable":true,"href":"https:\/\/branal.si\/de\/wp-json\/wp\/v2\/users\/784"}],"replies":[{"embeddable":true,"href":"https:\/\/branal.si\/de\/wp-json\/wp\/v2\/comments?post=5829"}],"version-history":[{"count":2,"href":"https:\/\/branal.si\/de\/wp-json\/wp\/v2\/pages\/5829\/revisions"}],"predecessor-version":[{"id":5962,"href":"https:\/\/branal.si\/de\/wp-json\/wp\/v2\/pages\/5829\/revisions\/5962"}],"up":[{"embeddable":true,"href":"https:\/\/branal.si\/de\/wp-json\/wp\/v2\/pages\/5816"}],"wp:attachment":[{"href":"https:\/\/branal.si\/de\/wp-json\/wp\/v2\/media?parent=5829"}],"curies":[{"name":"wp","href":"https:\/\/api.w.org\/{rel}","templated":true}]}}