{"id":5836,"date":"2020-09-14T13:03:46","date_gmt":"2020-09-14T13:03:46","guid":{"rendered":"https:\/\/branal.si\/?page_id=5836"},"modified":"2021-02-24T22:31:12","modified_gmt":"2021-02-24T22:31:12","slug":"baumstaemme","status":"publish","type":"page","link":"https:\/\/branal.si\/de\/unsere-dienstleistungen\/baumstaemme\/","title":{"rendered":"Baumst\u00e4mme"},"content":{"rendered":"<section class=\"wpb-content-wrapper\"><p>[vc_row content_placement=&#8220;middle&#8220;][vc_column width=&#8220;1\/2&#8243;][vc_column_text]<\/p>\n<h2>Kauf\/Verkauf<\/h2>\n<p>Wir kaufen Nadelh\u00f6lzer (haupts\u00e4chlich Tanne, Fichte und Kiefer) und Laubh\u00f6lzer (haupts\u00e4chlich Hainbuche und Buche). Wir kaufen auch Cellulose und Holz f\u00fcr die Weiterverarbeitung. Wir machen den Verkauf einfach und schnell und garantieren wettbewerbsf\u00e4hige Preise und Zahlungen innerhalb der gesetzten Frist.<\/p>\n<p>Wir kaufen alle S\u00e4gewerksreste (Rinde, S\u00e4gemehl, W\u00fcrfel und Holzsp\u00e4ne) von S\u00e4gewerken.<\/p>\n<div id=\"gtx-trans\" style=\"position: absolute; left: -103px; top: -4.09375px;\">\n<div class=\"gtx-trans-icon\"><\/div>\n<\/div>\n<p>[\/vc_column_text][\/vc_column][vc_column width=&#8220;1\/2&#8243;][vc_single_image image=&#8220;4541&#8243; img_size=&#8220;full&#8220; alignment=&#8220;right&#8220;][\/vc_column][\/vc_row][vc_row el_class=&#8220;barva&#8220;][vc_column][vc_column_text el_class=&#8220;barva2&#8243;]<\/p>\n<h2 class=\"vc_custom_heading\" style=\"text-align: center;\">Unsere Dienstleistungen und Kapazit\u00e4ten<\/h2>\n<p>[\/vc_column_text][vc_row_inner equal_height=&#8220;yes&#8220;][vc_column_inner width=&#8220;1\/3&#8243; css=&#8220;.vc_custom_1600080968565{padding-top: 150px !important;padding-bottom: 150px !important;background-image: url(https:\/\/branal.si\/wp-content\/uploads\/2020\/09\/nadgr_1_neu.jpg?id=5713) !important;background-position: center !important;background-repeat: no-repeat !important;background-size: cover !important;}&#8220;][vc_column_text]<\/p>\n<figure class=\"content-image\"><img decoding=\"async\" loading=\"lazy\" class=\"aligncenter\" src=\"https:\/\/branal.si\/wp-content\/uploads\/2019\/10\/RANAL_GRAFIKE-09.png\" alt=\"\" width=\"118\" height=\"118\" \/><\/figure>\n<div style=\"text-align: center;\">Einfacher, schneller und fairer Kauf Ihrer St\u00e4mme und S\u00e4gewerksreste<\/div>\n<p>[\/vc_column_text][\/vc_column_inner][vc_column_inner width=&#8220;1\/3&#8243; css=&#8220;.vc_custom_1600080435736{padding-top: 150px !important;padding-bottom: 150px !important;background-image: url(https:\/\/branal.si\/wp-content\/uploads\/2020\/09\/1.jpg?id=5590) !important;background-position: center !important;background-repeat: no-repeat !important;background-size: cover !important;}&#8220;][vc_column_text]<\/p>\n<figure class=\"content-image\"><img decoding=\"async\" loading=\"lazy\" class=\"aligncenter\" src=\"https:\/\/branal.si\/wp-content\/uploads\/2019\/10\/RANAL_GRAFIKE-01.png\" alt=\"\" width=\"118\" height=\"118\" \/><\/figure>\n<div style=\"text-align: center;\">M\u00f6glichkeit, alle Arten von Ihren Produkten zu kaufen<\/div>\n<p>[\/vc_column_text][\/vc_column_inner][vc_column_inner width=&#8220;1\/3&#8243; css=&#8220;.vc_custom_1600080953685{padding-top: 150px !important;padding-bottom: 150px !important;background-image: url(https:\/\/branal.si\/wp-content\/uploads\/2020\/09\/Branal_neu.jpg?id=5650) !important;background-position: center !important;background-repeat: no-repeat !important;background-size: cover !important;}&#8220;][vc_column_text]<\/p>\n<figure class=\"content-image\"><img decoding=\"async\" loading=\"lazy\" class=\"aligncenter\" src=\"https:\/\/branal.si\/wp-content\/uploads\/2019\/10\/Artboard-1-copy-5100.png\" alt=\"\" width=\"118\" height=\"118\" \/><\/figure>\n<div style=\"text-align: center;\">Schnelle Abholung, eigene Verladung und schnelle Bezahlung<\/div>\n<p>[\/vc_column_text][\/vc_column_inner][\/vc_row_inner][\/vc_column][\/vc_row][vc_row content_placement=&#8220;middle&#8220; css=&#8220;.vc_custom_1600080118318{margin-top: 50px !important;}&#8220;][vc_column width=&#8220;1\/2&#8243;][vc_column_text]<\/p>\n<h1 class=\"kc_title\">Kontaktdaten<\/h1>\n<p>[\/vc_column_text][vc_single_image image=&#8220;4395&#8243; img_size=&#8220;large&#8220;][\/vc_column][vc_column width=&#8220;1\/2&#8243;][vc_column_text]<\/p>\n<h4>Ale\u0161 Hace<\/h4>\n<p><a href=\"tel:+386 41 626 389\">+386 41 626 389<\/a><br \/>\n<a href=\"mailto:dispo@branal.si\">dispo@branal.si<\/a><\/p>\n<p>&nbsp;<\/p>\n<h4>Melita Beber Osolnik<\/h4>\n<p><a href=\"tel:+386 31 842 772\">+386 31 842 772<\/a><br \/>\n<a href=\"mailto:office@branal.si\">office@branal.si<\/a>[\/vc_column_text][\/vc_column][\/vc_row][vc_row full_width=&#8220;stretch_row&#8220; content_placement=&#8220;middle&#8220; css=&#8220;.vc_custom_1600072949746{margin-bottom: -80px !important;padding-bottom: 0px !important;background-color: #00adef !important;}&#8220;][vc_column width=&#8220;1\/2&#8243;][vc_column_text]<\/p>\n<h2 style=\"color: white;\">W\u00fcnschen Sie weitere Informationen?<\/h2>\n<div class=\"kc-cta-text\" style=\"color: white;\">Wir sind hier um zu helfen. Rufen Sie uns an, senden Sie uns eine E-Mail oder kontaktieren Sie uns \u00fcber unsere Social-Media-Kan\u00e4le.<\/div>\n<p>[\/vc_column_text][\/vc_column][vc_column width=&#8220;1\/2&#8243;][vc_btn title=&#8220;KONTAKTIEREN SIE UNS&#8220; shape=&#8220;square&#8220; align=&#8220;center&#8220; link=&#8220;url:https%3A%2F%2Fbranal.si%2Fde%2Fkontakt%2F|title:Kontakt||&#8220;][\/vc_column][\/vc_row]<\/p>\n<\/section>","protected":false},"excerpt":{"rendered":"[vc_row content_placement=&#8220;middle&#8220;][vc_column width=&#8220;1\/2&#8243;][vc_column_text] Kauf\/Verkauf Wir kaufen Nadelh\u00f6lzer (haupts\u00e4chlich Tanne, Fichte und Kiefer) und Laubh\u00f6lzer (haupts\u00e4chlich Hainbuche und Buche). Wir kaufen auch Cellulose und Holz f\u00fcr die Weiterverarbeitung. Wir machen den Verkauf einfach und schnell und garantieren wettbewerbsf\u00e4hige Preise und Zahlungen innerhalb der gesetzten Frist. Wir kaufen alle S\u00e4gewerksreste (Rinde, S\u00e4gemehl, W\u00fcrfel und Holzsp\u00e4ne) von S\u00e4gewerken. ","protected":false},"author":784,"featured_media":0,"parent":5816,"menu_order":0,"comment_status":"closed","ping_status":"closed","template":"","meta":{"inline_featured_image":false},"_links":{"self":[{"href":"https:\/\/branal.si\/de\/wp-json\/wp\/v2\/pages\/5836"}],"collection":[{"href":"https:\/\/branal.si\/de\/wp-json\/wp\/v2\/pages"}],"about":[{"href":"https:\/\/branal.si\/de\/wp-json\/wp\/v2\/types\/page"}],"author":[{"embeddable":true,"href":"https:\/\/branal.si\/de\/wp-json\/wp\/v2\/users\/784"}],"replies":[{"embeddable":true,"href":"https:\/\/branal.si\/de\/wp-json\/wp\/v2\/comments?post=5836"}],"version-history":[{"count":4,"href":"https:\/\/branal.si\/de\/wp-json\/wp\/v2\/pages\/5836\/revisions"}],"predecessor-version":[{"id":5999,"href":"https:\/\/branal.si\/de\/wp-json\/wp\/v2\/pages\/5836\/revisions\/5999"}],"up":[{"embeddable":true,"href":"https:\/\/branal.si\/de\/wp-json\/wp\/v2\/pages\/5816"}],"wp:attachment":[{"href":"https:\/\/branal.si\/de\/wp-json\/wp\/v2\/media?parent=5836"}],"curies":[{"name":"wp","href":"https:\/\/api.w.org\/{rel}","templated":true}]}}