{"id":5845,"date":"2020-09-14T13:12:36","date_gmt":"2020-09-14T13:12:36","guid":{"rendered":"https:\/\/branal.si\/?page_id=5845"},"modified":"2021-02-24T22:49:16","modified_gmt":"2021-02-24T22:49:16","slug":"verarbeitung","status":"publish","type":"page","link":"https:\/\/branal.si\/de\/unsere-dienstleistungen\/verarbeitung\/","title":{"rendered":"Verarbeitung"},"content":{"rendered":"<section class=\"wpb-content-wrapper\"><p>[vc_row content_placement=&#8220;middle&#8220;][vc_column width=&#8220;1\/2&#8243;][vc_column_text]<\/p>\n<div class=\"kc-elm kc-css-162051 kc-title-wrap \">\n<h2 class=\"vc_custom_heading\">Was verarbeiten wir?<\/h2>\n<\/div>\n<div class=\"kc-elm kc-css-69838 kc_text_block\">\n<p>Wir verarbeiten Cellulose zu Holzsp\u00e4nen unterschiedlicher Gr\u00f6\u00dfe. Wir bieten ein Endprodukt mit oder ohne Rinde an. Wir sind spezialisiert auf die Belieferung von Holzpelletfabriken und Heizungsanlagen.<\/p>\n<p>Wir verkaufen Hackschnitzel, die von uns produziert und geliefert werden. Wir verarbeiten ca. 44.000 m3 Rohstoffe pro Jahr.<\/p>\n<\/div>\n<p>[\/vc_column_text][\/vc_column][vc_column width=&#8220;1\/2&#8243;][vc_single_image image=&#8220;4506&#8243; img_size=&#8220;394&#215;700&#8243; alignment=&#8220;right&#8220;][\/vc_column][\/vc_row][vc_row content_placement=&#8220;middle&#8220; css=&#8220;.vc_custom_1600080118318{margin-top: 50px !important;}&#8220;][vc_column width=&#8220;1\/2&#8243;][vc_column_text]<\/p>\n<h2 class=\"vc_custom_heading\">Kontaktinformationen<\/h2>\n<div id=\"gtx-trans\" style=\"position: absolute; left: -167px; top: -4.09375px;\">\n<div class=\"gtx-trans-icon\"><\/div>\n<\/div>\n<p>[\/vc_column_text][vc_single_image image=&#8220;4395&#8243; img_size=&#8220;large&#8220;][\/vc_column][vc_column width=&#8220;1\/2&#8243;][vc_column_text]<\/p>\n<h4>Ale\u0161 Hace<\/h4>\n<p><a href=\"tel:+386 41 626 389\">+386 41 626 389<\/a><br \/>\n<a href=\"mailto:dispo@branal.si\">dispo@branal.si<\/a><\/p>\n<p>&nbsp;<\/p>\n<h4>Melita Beber Osolnik<\/h4>\n<p><a href=\"tel:+386 31 842 772\">+386 31 842 772<\/a><br \/>\n<a href=\"mailto:office@branal.si\">office@branal.si<\/a>[\/vc_column_text][\/vc_column][\/vc_row][vc_row full_width=&#8220;stretch_row&#8220; content_placement=&#8220;middle&#8220; css=&#8220;.vc_custom_1600072949746{margin-bottom: -80px !important;padding-bottom: 0px !important;background-color: #00adef !important;}&#8220;][vc_column width=&#8220;1\/2&#8243;][vc_column_text]<\/p>\n<h2 style=\"color: white;\">W\u00fcnschen Sie weitere Informationen?<\/h2>\n<div class=\"kc-cta-text\" style=\"color: white;\">Wir sind hier um zu helfen. Rufen Sie uns an, senden Sie uns eine E-Mail oder kontaktieren Sie uns \u00fcber unsere Social-Media-Kan\u00e4le.<\/div>\n<p>[\/vc_column_text][\/vc_column][vc_column width=&#8220;1\/2&#8243;][vc_btn title=&#8220;KONTAKTIERE UNS&#8220; shape=&#8220;square&#8220; align=&#8220;center&#8220; link=&#8220;url:https%3A%2F%2Fbranal.si%2Fde%2Fkontakt%2F|title:Kontakt||&#8220;][\/vc_column][\/vc_row]<\/p>\n<\/section>","protected":false},"excerpt":{"rendered":"[vc_row content_placement=&#8220;middle&#8220;][vc_column width=&#8220;1\/2&#8243;][vc_column_text] Was verarbeiten wir? Wir verarbeiten Cellulose zu Holzsp\u00e4nen unterschiedlicher Gr\u00f6\u00dfe. Wir bieten ein Endprodukt mit oder ohne Rinde an. Wir sind spezialisiert auf die Belieferung von Holzpelletfabriken und Heizungsanlagen. Wir verkaufen Hackschnitzel, die von uns produziert und geliefert werden. Wir verarbeiten ca. 44.000 m3 Rohstoffe pro Jahr. [\/vc_column_text][\/vc_column][vc_column width=&#8220;1\/2&#8243;][vc_single_image image=&#8220;4506&#8243; img_size=&#8220;394&#215;700&#8243; alignment=&#8220;right&#8220;][\/vc_column][\/vc_row][vc_row ","protected":false},"author":784,"featured_media":0,"parent":5816,"menu_order":0,"comment_status":"closed","ping_status":"closed","template":"","meta":{"inline_featured_image":false},"_links":{"self":[{"href":"https:\/\/branal.si\/de\/wp-json\/wp\/v2\/pages\/5845"}],"collection":[{"href":"https:\/\/branal.si\/de\/wp-json\/wp\/v2\/pages"}],"about":[{"href":"https:\/\/branal.si\/de\/wp-json\/wp\/v2\/types\/page"}],"author":[{"embeddable":true,"href":"https:\/\/branal.si\/de\/wp-json\/wp\/v2\/users\/784"}],"replies":[{"embeddable":true,"href":"https:\/\/branal.si\/de\/wp-json\/wp\/v2\/comments?post=5845"}],"version-history":[{"count":4,"href":"https:\/\/branal.si\/de\/wp-json\/wp\/v2\/pages\/5845\/revisions"}],"predecessor-version":[{"id":6004,"href":"https:\/\/branal.si\/de\/wp-json\/wp\/v2\/pages\/5845\/revisions\/6004"}],"up":[{"embeddable":true,"href":"https:\/\/branal.si\/de\/wp-json\/wp\/v2\/pages\/5816"}],"wp:attachment":[{"href":"https:\/\/branal.si\/de\/wp-json\/wp\/v2\/media?parent=5845"}],"curies":[{"name":"wp","href":"https:\/\/api.w.org\/{rel}","templated":true}]}}