{"id":5851,"date":"2020-09-14T13:17:24","date_gmt":"2020-09-14T13:17:24","guid":{"rendered":"https:\/\/branal.si\/?page_id=5851"},"modified":"2020-09-14T13:17:24","modified_gmt":"2020-09-14T13:17:24","slug":"wartung","status":"publish","type":"page","link":"https:\/\/branal.si\/de\/unsere-dienstleistungen\/wartung\/","title":{"rendered":"Wartung"},"content":{"rendered":"<section class=\"wpb-content-wrapper\"><p>[vc_row content_placement=&#8220;middle&#8220;][vc_column width=&#8220;1\/2&#8243;][vc_column_text]<\/p>\n<div class=\"kc-elm kc-css-162051 kc-title-wrap \">\n<div class=\"kc-elm kc-css-812195 kc-title-wrap \">\n<h1 class=\"kc_title\">Qualit\u00e4t ist unser Vorteil<\/h1>\n<\/div>\n<div class=\"kc-elm kc-css-344623 kc_text_block\">\n<p>Wir bieten die zuverl\u00e4ssige und schnelle Wartung der meisten Lastkraftwagen, Forstmaschinen und Anh\u00e4nger. Mit unserem breiten Netzwerk von Lieferanten k\u00f6nnen wir wettbewerbsf\u00e4hige Preise f\u00fcr Ersatzteile, Reifen und \u00d6l anbieten.<\/p>\n<\/div>\n<\/div>\n<div id=\"gtx-trans\" style=\"position: absolute; left: -51px; top: -0.5625px;\">\n<div class=\"gtx-trans-icon\"><\/div>\n<\/div>\n<p>[\/vc_column_text][\/vc_column][vc_column width=&#8220;1\/2&#8243;][vc_single_image image=&#8220;4538&#8243; img_size=&#8220;394&#215;700&#8243; alignment=&#8220;right&#8220;][\/vc_column][\/vc_row][vc_row content_placement=&#8220;middle&#8220; css=&#8220;.vc_custom_1600080118318{margin-top: 50px !important;}&#8220;][vc_column width=&#8220;1\/2&#8243;][vc_column_text]<\/p>\n<h1 class=\"kc_title\">Ansprechpartner<\/h1>\n<div id=\"gtx-trans\" style=\"position: absolute; left: -187px; top: 64.4375px;\">\n<div class=\"gtx-trans-icon\"><\/div>\n<\/div>\n<p>[\/vc_column_text][vc_single_image image=&#8220;4395&#8243; img_size=&#8220;large&#8220;][\/vc_column][vc_column width=&#8220;1\/2&#8243;][vc_column_text]<\/p>\n<h4>Andrej Beber<\/h4>\n<p>+386 41 714 385[\/vc_column_text][\/vc_column][\/vc_row][vc_row full_width=&#8220;stretch_row&#8220; content_placement=&#8220;middle&#8220; css=&#8220;.vc_custom_1600072949746{margin-bottom: -80px !important;padding-bottom: 0px !important;background-color: #00adef !important;}&#8220;][vc_column width=&#8220;1\/2&#8243;][vc_column_text]<\/p>\n<h2 style=\"color: white;\">W\u00fcnschen Sie weitere Informationen?<\/h2>\n<div class=\"kc-cta-text\" style=\"color: white;\">Wir sind hier um zu helfen. Rufen Sie uns an, senden Sie uns eine E-Mail oder kontaktieren Sie uns \u00fcber unsere Social-Media-Kan\u00e4le.<\/div>\n<p>[\/vc_column_text][\/vc_column][vc_column width=&#8220;1\/2&#8243;][vc_btn title=&#8220;KONTAKTIERE UNS&#8220; shape=&#8220;square&#8220; align=&#8220;center&#8220; link=&#8220;url:https%3A%2F%2Fbranal.si%2Fde%2Fkontakt%2F|title:Kontakt||&#8220;][\/vc_column][\/vc_row]<\/p>\n<\/section>","protected":false},"excerpt":{"rendered":"[vc_row content_placement=&#8220;middle&#8220;][vc_column width=&#8220;1\/2&#8243;][vc_column_text] Qualit\u00e4t ist unser Vorteil Wir bieten die zuverl\u00e4ssige und schnelle Wartung der meisten Lastkraftwagen, Forstmaschinen und Anh\u00e4nger. Mit unserem breiten Netzwerk von Lieferanten k\u00f6nnen wir wettbewerbsf\u00e4hige Preise f\u00fcr Ersatzteile, Reifen und \u00d6l anbieten. [\/vc_column_text][\/vc_column][vc_column width=&#8220;1\/2&#8243;][vc_single_image image=&#8220;4538&#8243; img_size=&#8220;394&#215;700&#8243; alignment=&#8220;right&#8220;][\/vc_column][\/vc_row][vc_row content_placement=&#8220;middle&#8220; css=&#8220;.vc_custom_1600080118318{margin-top: 50px !important;}&#8220;][vc_column width=&#8220;1\/2&#8243;][vc_column_text] Ansprechpartner [\/vc_column_text][vc_single_image image=&#8220;4395&#8243; img_size=&#8220;large&#8220;][\/vc_column][vc_column width=&#8220;1\/2&#8243;][vc_column_text] Andrej Beber +386 41 ","protected":false},"author":784,"featured_media":0,"parent":5816,"menu_order":0,"comment_status":"closed","ping_status":"closed","template":"","meta":{"inline_featured_image":false},"_links":{"self":[{"href":"https:\/\/branal.si\/de\/wp-json\/wp\/v2\/pages\/5851"}],"collection":[{"href":"https:\/\/branal.si\/de\/wp-json\/wp\/v2\/pages"}],"about":[{"href":"https:\/\/branal.si\/de\/wp-json\/wp\/v2\/types\/page"}],"author":[{"embeddable":true,"href":"https:\/\/branal.si\/de\/wp-json\/wp\/v2\/users\/784"}],"replies":[{"embeddable":true,"href":"https:\/\/branal.si\/de\/wp-json\/wp\/v2\/comments?post=5851"}],"version-history":[{"count":1,"href":"https:\/\/branal.si\/de\/wp-json\/wp\/v2\/pages\/5851\/revisions"}],"predecessor-version":[{"id":5852,"href":"https:\/\/branal.si\/de\/wp-json\/wp\/v2\/pages\/5851\/revisions\/5852"}],"up":[{"embeddable":true,"href":"https:\/\/branal.si\/de\/wp-json\/wp\/v2\/pages\/5816"}],"wp:attachment":[{"href":"https:\/\/branal.si\/de\/wp-json\/wp\/v2\/media?parent=5851"}],"curies":[{"name":"wp","href":"https:\/\/api.w.org\/{rel}","templated":true}]}}