{"id":5857,"date":"2020-09-14T13:28:06","date_gmt":"2020-09-14T13:28:06","guid":{"rendered":"https:\/\/branal.si\/?page_id=5857"},"modified":"2021-01-28T15:36:09","modified_gmt":"2021-01-28T15:36:09","slug":"transport","status":"publish","type":"page","link":"https:\/\/branal.si\/de\/unsere-dienstleistungen\/transport\/","title":{"rendered":"Transport"},"content":{"rendered":"<section class=\"wpb-content-wrapper\"><p>[vc_row content_placement=&#8220;middle&#8220;][vc_column width=&#8220;1\/2&#8243;][vc_column_text]<\/p>\n<div class=\"kc-elm kc-css-285408 kc-title-wrap \">\n<div class=\"kc-elm kc-css-145418 kc-title-wrap \">\n<div class=\"kc-elm kc-css-140491 kc-title-wrap \">\n<h1 class=\"kc_title\">Warum sollte man sich f\u00fcr Branal entscheiden?<\/h1>\n<\/div>\n<div class=\"kc-elm kc-css-350749 kc_text_block\">\n<p>Weil wir auf die Bed\u00fcrfnisse des Kunden eingehen und immer die beste L\u00f6sung finden. Wir respektieren Vereinbarungen und erwarten dasselbe von unseren Kunden. Wir arbeiten mit unseren Kunden vom Konzept bis zur Ausf\u00fchrung zusammen. Wir pflegen langfristige Partnerschaften mit unseren Kunden. Wir bieten eine Reihe von modernen Fahrzeugen f\u00fcr eine Vielzahl von Transportbed\u00fcrfnissen, ein fortschrittliches logistisches Servicezentrum und ein Support-Team.<\/p>\n<\/div>\n<div class=\"kc-elm kc-css-306719 kc_text_block\">\n<p>Unser Fuhrpark umfasst \u00fcber 40 umweltfreundlichere Fahrzeuge (EURO 5, EEV und EURO 6). Alle Fahrzeuge sind mit Ortungsger\u00e4ten ausgestattet, die es den Kunden erm\u00f6glichen, ihre Auftragsfrachten und -transporte zu \u00fcberwachen.<\/p>\n<\/div>\n<\/div>\n<\/div>\n<p>[\/vc_column_text][\/vc_column][vc_column width=&#8220;1\/2&#8243;][vc_single_image image=&#8220;4445&#8243; img_size=&#8220;394&#215;700&#8243; alignment=&#8220;right&#8220;][\/vc_column][\/vc_row][vc_row el_class=&#8220;barva&#8220;][vc_column][vc_column_text el_class=&#8220;barva2&#8243;]<\/p>\n<h2 class=\"vc_custom_heading\" style=\"text-align: center;\">Unsere Transportdienstleistungen<\/h2>\n<p>[\/vc_column_text][vc_row_inner equal_height=&#8220;yes&#8220;][vc_column_inner width=&#8220;1\/4&#8243; css=&#8220;.vc_custom_1600082959509{padding-top: 50px !important;padding-bottom: 50px !important;background-image: url(https:\/\/branal.si\/wp-content\/uploads\/2020\/09\/razsut_tovor_neu.jpg?id=5752) !important;background-position: center !important;background-repeat: no-repeat !important;background-size: cover !important;}&#8220;][vc_column_text]<\/p>\n<figure class=\"content-image\"><img decoding=\"async\" loading=\"lazy\" class=\"aligncenter\" src=\"https:\/\/branal.si\/wp-content\/uploads\/2019\/10\/RANAL_GRAFIKE-01.png\" alt=\"\" width=\"118\" height=\"118\" \/><\/figure>\n<div style=\"text-align: center;\"><strong>TRANSPORT VON BAUMST\u00c4MMEN<\/strong><\/div>\n<div id=\"gtx-trans\" style=\"position: absolute; left: 108px; top: 172px;\">\n<div class=\"gtx-trans-icon\"><\/div>\n<\/div>\n<p>[\/vc_column_text][\/vc_column_inner][vc_column_inner width=&#8220;1\/4&#8243; css=&#8220;.vc_custom_1600082975068{padding-top: 50px !important;padding-bottom: 50px !important;background-image: url(https:\/\/branal.si\/wp-content\/uploads\/2020\/09\/zagan_les_neu.jpg?id=5756) !important;background-position: center !important;background-repeat: no-repeat !important;background-size: cover !important;}&#8220;][vc_column_text]<\/p>\n<figure class=\"content-image\"><img decoding=\"async\" loading=\"lazy\" class=\"aligncenter\" src=\"https:\/\/branal.si\/wp-content\/uploads\/2019\/10\/RANAL_GRAFIKE-04.png\" alt=\"\" width=\"118\" height=\"118\" \/><\/figure>\n<div style=\"text-align: center;\"><strong>TRANSPORT VON SCHNITTHOLZ<\/strong><br \/>\nMit oder ohne Schutzplane<\/div>\n<p>[\/vc_column_text][\/vc_column_inner][vc_column_inner width=&#8220;1\/4&#8243; css=&#8220;.vc_custom_1600083002963{padding-top: 50px !important;padding-bottom: 50px !important;background-image: url(https:\/\/branal.si\/wp-content\/uploads\/2020\/09\/kontejnerji_neu.jpg?id=5744) !important;background-position: center !important;background-repeat: no-repeat !important;background-size: cover !important;}&#8220;][vc_column_text]<\/p>\n<figure class=\"content-image\"><img decoding=\"async\" loading=\"lazy\" class=\"aligncenter\" src=\"https:\/\/branal.si\/wp-content\/uploads\/2019\/10\/RANAL_GRAFIKE-10.png\" alt=\"\" width=\"118\" height=\"118\" \/><\/figure>\n<div style=\"text-align: center;\"><b>CONTAINERN<br \/>\n<\/b>Transport von 20\/40ft Containern<\/div>\n<p>[\/vc_column_text][\/vc_column_inner][vc_column_inner width=&#8220;1\/4&#8243; css=&#8220;.vc_custom_1600083023994{padding-top: 50px !important;padding-bottom: 50px !important;background-image: url(https:\/\/branal.si\/wp-content\/uploads\/2020\/09\/oblovina_neu.jpg?id=5748) !important;background-position: center !important;background-repeat: no-repeat !important;background-size: cover !important;}&#8220;][vc_column_text]<\/p>\n<figure class=\"content-image\"><img decoding=\"async\" loading=\"lazy\" class=\"aligncenter\" src=\"https:\/\/branal.si\/wp-content\/uploads\/2019\/10\/RANAL_GRAFIKE-09.png\" alt=\"\" width=\"118\" height=\"118\" \/><\/figure>\n<div style=\"text-align: center;\"><strong>VERLADUNG UND TRANSPORT<\/strong><br \/>\nMit Forstfahrzeug mit Hebeb\u00fchnen<\/div>\n<p>[\/vc_column_text][\/vc_column_inner][\/vc_row_inner][\/vc_column][\/vc_row][vc_row content_placement=&#8220;middle&#8220; css=&#8220;.vc_custom_1600080118318{margin-top: 50px !important;}&#8220;][vc_column width=&#8220;1\/2&#8243;][vc_column_text]<\/p>\n<h1 class=\"kc_title\">Kontaktinformationen<\/h1>\n<p>[\/vc_column_text][vc_single_image image=&#8220;4395&#8243; img_size=&#8220;large&#8220;][\/vc_column][vc_column width=&#8220;1\/2&#8243;][vc_column_text]<\/p>\n<h4>Samo \u017dnidar\u0161i\u010d (Transport von nicht gef\u00e4hrlichen Rohstoffen)<\/h4>\n<p><a href=\"tel:+386 51 665 524\">+386 51 665 524<\/a><br \/>\n<a href=\"mailto:samo@branal.si\">samo@branal.si<\/a><\/p>\n<h4>Ale\u0161 Hace (Transport von Baumst\u00e4mmen und Schnittholz)<\/h4>\n<p><a href=\"tel:+386 41 626 389\">+386 41 626 389<\/a><br \/>\n<a href=\"mailto:dispo@branal.si\">dispo@branal.si<\/a><\/p>\n<div id=\"gtx-trans\" style=\"position: absolute; left: 544px; top: 43.2656px;\">\n<div class=\"gtx-trans-icon\"><\/div>\n<\/div>\n<p>[\/vc_column_text][\/vc_column][\/vc_row][vc_row full_width=&#8220;stretch_row&#8220; content_placement=&#8220;middle&#8220; css=&#8220;.vc_custom_1600072949746{margin-bottom: -80px !important;padding-bottom: 0px !important;background-color: #00adef !important;}&#8220;][vc_column width=&#8220;1\/2&#8243;][vc_column_text]<\/p>\n<h2 style=\"color: white;\">Ben\u00f6tigen Sie weitere Informationen?<\/h2>\n<div class=\"kc-cta-text\" style=\"color: white;\">Wir sind hier um zu helfen. Rufen Sie uns an, senden Sie uns eine E-Mail oder kontaktieren Sie uns \u00fcber unsere Social-Media-Kan\u00e4le.<\/div>\n<p>[\/vc_column_text][\/vc_column][vc_column width=&#8220;1\/2&#8243;][vc_btn title=&#8220;KONTAKTIERE UNS&#8220; shape=&#8220;square&#8220; align=&#8220;center&#8220; link=&#8220;url:https%3A%2F%2Fbranal.si%2Fde%2Fkontakt%2F|title:Kontakt||&#8220;][\/vc_column][\/vc_row]<\/p>\n<\/section>","protected":false},"excerpt":{"rendered":"[vc_row content_placement=&#8220;middle&#8220;][vc_column width=&#8220;1\/2&#8243;][vc_column_text] Warum sollte man sich f\u00fcr Branal entscheiden? Weil wir auf die Bed\u00fcrfnisse des Kunden eingehen und immer die beste L\u00f6sung finden. Wir respektieren Vereinbarungen und erwarten dasselbe von unseren Kunden. Wir arbeiten mit unseren Kunden vom Konzept bis zur Ausf\u00fchrung zusammen. Wir pflegen langfristige Partnerschaften mit unseren Kunden. Wir bieten eine Reihe ","protected":false},"author":784,"featured_media":0,"parent":5816,"menu_order":0,"comment_status":"closed","ping_status":"closed","template":"","meta":{"inline_featured_image":false},"_links":{"self":[{"href":"https:\/\/branal.si\/de\/wp-json\/wp\/v2\/pages\/5857"}],"collection":[{"href":"https:\/\/branal.si\/de\/wp-json\/wp\/v2\/pages"}],"about":[{"href":"https:\/\/branal.si\/de\/wp-json\/wp\/v2\/types\/page"}],"author":[{"embeddable":true,"href":"https:\/\/branal.si\/de\/wp-json\/wp\/v2\/users\/784"}],"replies":[{"embeddable":true,"href":"https:\/\/branal.si\/de\/wp-json\/wp\/v2\/comments?post=5857"}],"version-history":[{"count":4,"href":"https:\/\/branal.si\/de\/wp-json\/wp\/v2\/pages\/5857\/revisions"}],"predecessor-version":[{"id":5949,"href":"https:\/\/branal.si\/de\/wp-json\/wp\/v2\/pages\/5857\/revisions\/5949"}],"up":[{"embeddable":true,"href":"https:\/\/branal.si\/de\/wp-json\/wp\/v2\/pages\/5816"}],"wp:attachment":[{"href":"https:\/\/branal.si\/de\/wp-json\/wp\/v2\/media?parent=5857"}],"curies":[{"name":"wp","href":"https:\/\/api.w.org\/{rel}","templated":true}]}}