{"id":5855,"date":"2020-09-14T13:23:53","date_gmt":"2020-09-14T13:23:53","guid":{"rendered":"https:\/\/branal.si\/?page_id=5855"},"modified":"2021-01-28T15:34:12","modified_gmt":"2021-01-28T15:34:12","slug":"transport","status":"publish","type":"page","link":"https:\/\/branal.si\/en\/our-services\/transport\/","title":{"rendered":"Transport"},"content":{"rendered":"<section class=\"wpb-content-wrapper\"><p>[vc_row content_placement=&#8221;middle&#8221;][vc_column width=&#8221;1\/2&#8243;][vc_column_text]<\/p>\n<div class=\"kc-elm kc-css-285408 kc-title-wrap \">\n<div class=\"kc-elm kc-css-145418 kc-title-wrap \">\n<div class=\"kc-elm kc-css-140491 kc-title-wrap \">\n<h1 class=\"kc_title\">Why choose Branal?<\/h1>\n<\/div>\n<div class=\"kc-elm kc-css-350749 kc_text_block\">\n<p>Because we listen the needs of the customer and always find the best solution. We respect agreements and expect the same from our customers. We work together with customers from concept to execution. We nurture long-term partnerships with customers. We offer a range of modern vehicles to suit a variety of transportation needs, advanced logistical service centre and a team of support services.<\/p>\n<\/div>\n<div class=\"kc-elm kc-css-306719 kc_text_block\">\n<p>Our vehicle fleet includes over 40 vehicles that are more environmentally friendly (EURO 5, EEV and EURO 6). All vehicles are equipped with tracking devices that allows customers to monitor their order freight and transportation.<\/p>\n<\/div>\n<\/div>\n<\/div>\n<p>[\/vc_column_text][\/vc_column][vc_column width=&#8221;1\/2&#8243;][vc_single_image image=&#8221;4445&#8243; img_size=&#8221;394&#215;700&#8243; alignment=&#8221;right&#8221;][\/vc_column][\/vc_row][vc_row el_class=&#8221;barva&#8221;][vc_column][vc_column_text el_class=&#8221;barva2&#8243;]<\/p>\n<h2 class=\"vc_custom_heading\" style=\"text-align: center;\">Our transportation services<\/h2>\n<div id=\"gtx-trans\" style=\"position: absolute; left: 111px; top: 64.4375px;\">\n<div class=\"gtx-trans-icon\"><\/div>\n<\/div>\n<p>[\/vc_column_text][vc_row_inner equal_height=&#8221;yes&#8221;][vc_column_inner width=&#8221;1\/4&#8243; css=&#8221;.vc_custom_1600082959509{padding-top: 50px !important;padding-bottom: 50px !important;background-image: url(https:\/\/branal.si\/wp-content\/uploads\/2020\/09\/razsut_tovor_neu.jpg?id=5752) !important;background-position: center !important;background-repeat: no-repeat !important;background-size: cover !important;}&#8221;][vc_column_text]<\/p>\n<figure class=\"content-image\"><img decoding=\"async\" loading=\"lazy\" class=\"aligncenter\" src=\"https:\/\/branal.si\/wp-content\/uploads\/2019\/10\/RANAL_GRAFIKE-01.png\" alt=\"\" width=\"118\" height=\"118\" \/><\/figure>\n<div style=\"text-align: center;\"><strong>TRANSPORT OF BULK FREIGHT<\/strong><\/div>\n<div style=\"text-align: center;\">Non-hazardous waste for industry<\/div>\n<p>[\/vc_column_text][\/vc_column_inner][vc_column_inner width=&#8221;1\/4&#8243; css=&#8221;.vc_custom_1600082975068{padding-top: 50px !important;padding-bottom: 50px !important;background-image: url(https:\/\/branal.si\/wp-content\/uploads\/2020\/09\/zagan_les_neu.jpg?id=5756) !important;background-position: center !important;background-repeat: no-repeat !important;background-size: cover !important;}&#8221;][vc_column_text]<\/p>\n<figure class=\"content-image\"><img decoding=\"async\" loading=\"lazy\" class=\"aligncenter\" src=\"https:\/\/branal.si\/wp-content\/uploads\/2019\/10\/RANAL_GRAFIKE-04.png\" alt=\"\" width=\"118\" height=\"118\" \/><\/figure>\n<div style=\"text-align: center;\"><strong>SAWN WOOD<\/strong><br \/>\nTransport with a protective tarpaulin or without<\/div>\n<p>[\/vc_column_text][\/vc_column_inner][vc_column_inner width=&#8221;1\/4&#8243; css=&#8221;.vc_custom_1600083002963{padding-top: 50px !important;padding-bottom: 50px !important;background-image: url(https:\/\/branal.si\/wp-content\/uploads\/2020\/09\/kontejnerji_neu.jpg?id=5744) !important;background-position: center !important;background-repeat: no-repeat !important;background-size: cover !important;}&#8221;][vc_column_text]<\/p>\n<figure class=\"content-image\"><img decoding=\"async\" loading=\"lazy\" class=\"aligncenter\" src=\"https:\/\/branal.si\/wp-content\/uploads\/2019\/10\/RANAL_GRAFIKE-10.png\" alt=\"\" width=\"118\" height=\"118\" \/><\/figure>\n<div style=\"text-align: center;\"><b>CONTAINERS<br \/>\n<\/b>Transport of 20\/40ft containers<\/div>\n<p>[\/vc_column_text][\/vc_column_inner][vc_column_inner width=&#8221;1\/4&#8243; css=&#8221;.vc_custom_1600083023994{padding-top: 50px !important;padding-bottom: 50px !important;background-image: url(https:\/\/branal.si\/wp-content\/uploads\/2020\/09\/oblovina_neu.jpg?id=5748) !important;background-position: center !important;background-repeat: no-repeat !important;background-size: cover !important;}&#8221;][vc_column_text]<\/p>\n<figure class=\"content-image\"><img decoding=\"async\" loading=\"lazy\" class=\"aligncenter\" src=\"https:\/\/branal.si\/wp-content\/uploads\/2019\/10\/RANAL_GRAFIKE-09.png\" alt=\"\" width=\"118\" height=\"118\" \/><\/figure>\n<div style=\"text-align: center;\"><strong>LOGS<\/strong><\/div>\n<div style=\"text-align: center;\">Transport of logs<\/div>\n<p>[\/vc_column_text][\/vc_column_inner][\/vc_row_inner][\/vc_column][\/vc_row][vc_row content_placement=&#8221;middle&#8221; css=&#8221;.vc_custom_1600080118318{margin-top: 50px !important;}&#8221;][vc_column width=&#8221;1\/2&#8243;][vc_column_text]<\/p>\n<h1 class=\"kc_title\">Contact details<\/h1>\n<p>[\/vc_column_text][vc_single_image image=&#8221;4395&#8243; img_size=&#8221;large&#8221;][\/vc_column][vc_column width=&#8221;1\/2&#8243;][vc_column_text]<\/p>\n<h4>Samo \u017dnidar\u0161i\u010d (transport of bulk non-hazardous raw materials)<\/h4>\n<p><a href=\"tel:+386 51 665 524\">+386 51 665 524<\/a><br \/>\n<a href=\"mailto:samo@branal.si\">samo@branal.si<\/a><\/p>\n<h4>Ale\u0161 Hace (transport of logs and sawn wood)<\/h4>\n<p><a href=\"tel:+386 41 626 389\">+386 41 626 389<\/a><br \/>\n<a href=\"mailto:dispo@branal.si\">dispo@branal.si<\/a>[\/vc_column_text][\/vc_column][\/vc_row][vc_row full_width=&#8221;stretch_row&#8221; content_placement=&#8221;middle&#8221; css=&#8221;.vc_custom_1600072949746{margin-bottom: -80px !important;padding-bottom: 0px !important;background-color: #00adef !important;}&#8221;][vc_column width=&#8221;1\/2&#8243;][vc_column_text]<\/p>\n<h2 style=\"color: white;\">Need more information?<\/h2>\n<div class=\"kc-cta-text\" style=\"color: white;\">We are here to help. Give us a call, send us an email or contact us through our social media channels.<\/div>\n<p>[\/vc_column_text][\/vc_column][vc_column width=&#8221;1\/2&#8243;][vc_btn title=&#8221;CONTACT US&#8221; shape=&#8221;square&#8221; align=&#8221;center&#8221; link=&#8221;url:https%3A%2F%2Fbranal.si%2Fen%2Fcontact%2F|title:Kontakt||&#8221;][\/vc_column][\/vc_row]<\/p>\n<\/section>","protected":false},"excerpt":{"rendered":"[vc_row content_placement=&#8221;middle&#8221;][vc_column width=&#8221;1\/2&#8243;][vc_column_text] Why choose Branal? Because we listen the needs of the customer and always find the best solution. We respect agreements and expect the same from our customers. We work together with customers from concept to execution. We nurture long-term partnerships with customers. We offer a range of modern vehicles to suit a ","protected":false},"author":784,"featured_media":0,"parent":5814,"menu_order":0,"comment_status":"closed","ping_status":"closed","template":"","meta":{"inline_featured_image":false},"_links":{"self":[{"href":"https:\/\/branal.si\/en\/wp-json\/wp\/v2\/pages\/5855"}],"collection":[{"href":"https:\/\/branal.si\/en\/wp-json\/wp\/v2\/pages"}],"about":[{"href":"https:\/\/branal.si\/en\/wp-json\/wp\/v2\/types\/page"}],"author":[{"embeddable":true,"href":"https:\/\/branal.si\/en\/wp-json\/wp\/v2\/users\/784"}],"replies":[{"embeddable":true,"href":"https:\/\/branal.si\/en\/wp-json\/wp\/v2\/comments?post=5855"}],"version-history":[{"count":3,"href":"https:\/\/branal.si\/en\/wp-json\/wp\/v2\/pages\/5855\/revisions"}],"predecessor-version":[{"id":5948,"href":"https:\/\/branal.si\/en\/wp-json\/wp\/v2\/pages\/5855\/revisions\/5948"}],"up":[{"embeddable":true,"href":"https:\/\/branal.si\/en\/wp-json\/wp\/v2\/pages\/5814"}],"wp:attachment":[{"href":"https:\/\/branal.si\/en\/wp-json\/wp\/v2\/media?parent=5855"}],"curies":[{"name":"wp","href":"https:\/\/api.w.org\/{rel}","templated":true}]}}