{"id":4942,"date":"2020-09-11T10:22:43","date_gmt":"2020-09-11T10:22:43","guid":{"rendered":"https:\/\/branal.si\/?page_id=4942"},"modified":"2020-09-11T10:22:43","modified_gmt":"2020-09-11T10:22:43","slug":"cookies","status":"publish","type":"page","link":"https:\/\/branal.si\/it\/cookies\/","title":{"rendered":"Cookies"},"content":{"rendered":"<section class=\"wpb-content-wrapper\"><p>[vc_row][vc_column][vc_column_text]<strong>Cosa sono i cookies?<\/strong><\/p>\n<p>I cookies sono piccoli file testuali che ci informano su quante volte un visitatore visita il nostro sito e cosa \u00e8 di suo interesse durante queste visite. I cookies non contengono alcuni dati di per se stessi. Hai sempre la possibilit\u00e0 di accettare o rifiutare i cookies. La loro conservazione \u00e8 sotto il completo controllo del browser utilizzato dall\u2019utente.<\/p>\n<p>I cookies solo piccoli file che i siti visitati inviano verso il tuo computer, e ci vengono conservati sopra. I cookies vengono conservati nella cartella file del browser web. Alla prossima visita del sito, il browser legge un cookie e fornisce informazioni al sito o su un\u2019altra voce che istruisce il cookie.<\/p>\n<p><strong>A cosa servono i cookies?<\/strong><\/p>\n<p>I cookies sono essenziali per fornire servizi on-line userfriendly. Molte funzioni di e-commerce non sarebbero possibili senza i cookies. Forniscono un\u2019interazione pi\u00f9 rapida e pi\u00f9 semplice fra l\u2019utente web ed il sito web. Con il loro aiuto, il sito web si ricorda le preferenze e le esperienze dell\u2019individuo, risparmiando perci\u00f2 tempo e rendendo la navigazione web pi\u00f9 efficace e godibile.<\/p>\n<p><strong>Perch\u00e9 i siti web usano i cookies?<\/strong><\/p>\n<p>I cookies vengono utilizzati sui siti web per mantenere un contenuto fresco e appropriato che sia in linea con gli interessi e le preferenze di un particolare utente web. Ci sono diversi motivi per usare i cookies. Prima di tutto, hanno l\u2019abilit\u00e0 di conservare informazioni sullo stato di un particolare sito web (dettagli della personalizzazione di un particolare sito web), aiutano con l\u2019implementazione di vari servizi on-line (negozi on-line), aiutano a raccogliere varie statistiche sulle abitudini dell\u2019utente web \u2013 solo con i cookies \u00e8 possibile monitorare la frequenza con cui un certo utente visita un particolare sito.<\/p>\n<p>Usando i cookies, le attivit\u00e0 commerciali possono valutare l\u2019efficacia del design del proprio sito web, cos\u00ec come la rilevanza del tipo e del numero di inserzioni pubblicitarie che offrono agli utenti sui propri siti.<\/p>\n<p><strong>Disattivare i Cookies:<\/strong><\/p>\n<p>Hai libera scelta per decidere se vuoi consentire il salvataggio dei cookies sul tuo computer o no. Puoi controllare e modificare l\u2019impostazione dei cookies utilizzando le impostazioni del browser web. Per le informazioni sulle impostazioni dei cookies, seleziona il browser web che stai utilizzando.<\/p>\n<table width=\"100%\">\n<tbody class=\"responsive_table\">\n<tr>\n<td width=\"25%\" data-th=\"Internet explorer\"><a href=\"http:\/\/windows.microsoft.com\/sl-si\/windows-vista\/block-or-allow-cookies\">Internet explorer<\/a><\/td>\n<td width=\"25%\" data-th=\"Mozilla Firefox\"><a href=\"https:\/\/support.mozilla.org\/sl\/kb\/Kako%20aktivirate%20in%20deaktivirate%20pi%C5%A1kote\">Mozilla Firefox<\/a><\/td>\n<td width=\"25%\" data-th=\"Chrome\"><a href=\"https:\/\/support.google.com\/chrome\/answer\/95647?hl=sl-sl&amp;p=cpn_cookies\">Chrome<\/a><\/td>\n<td width=\"25%\" data-th=\"Opera\"><a href=\"http:\/\/www.opera.com\/help\/tutorials\/security\/privacy\/\">Opera<\/a><\/td>\n<td width=\"25%\" data-th=\"Safari\"><a href=\"https:\/\/support.apple.com\/kb\/PH11920\">Safari<\/a><\/td>\n<\/tr>\n<\/tbody>\n<\/table>\n<p>&nbsp;<\/p>\n<p><strong>Tutti i cookies funzionano allo stesso modo?<\/strong><\/p>\n<p>No! Ci sono diversi tipi di cookie impiegati per scopi differenti. I cookies variano per funzionalit\u00e0, orario in cui possono essere usati e client che installano.<\/p>\n<p>Se disattivi I cookies, alcune delle opzioni della pagina web potrebbero venire disabilitate. Anche quando disattivi tutti i cookies, il browser \u00e8 comunque in grado di recuperare alcune informazioni. Queste informazioni sono necessarie per le operazioni di base del nostro sito web.<\/p>\n<p>&nbsp;<\/p>\n<p>Questo sito usa i seguenti tipi di cookies:[\/vc_column_text][\/vc_column][\/vc_row][vc_row][vc_column][vc_column_text]<strong>[render_cookies_list]<\/strong>[\/vc_column_text][\/vc_column][\/vc_row]<\/p>\n<\/section>","protected":false},"excerpt":{"rendered":"[vc_row][vc_column][vc_column_text]Cosa sono i cookies? I cookies sono piccoli file testuali che ci informano su quante volte un visitatore visita il nostro sito e cosa \u00e8 di suo interesse durante queste visite. I cookies non contengono alcuni dati di per se stessi. Hai sempre la possibilit\u00e0 di accettare o rifiutare i cookies. La loro conservazione \u00e8 ","protected":false},"author":784,"featured_media":0,"parent":0,"menu_order":0,"comment_status":"closed","ping_status":"closed","template":"","meta":{"inline_featured_image":false},"_links":{"self":[{"href":"https:\/\/branal.si\/it\/wp-json\/wp\/v2\/pages\/4942"}],"collection":[{"href":"https:\/\/branal.si\/it\/wp-json\/wp\/v2\/pages"}],"about":[{"href":"https:\/\/branal.si\/it\/wp-json\/wp\/v2\/types\/page"}],"author":[{"embeddable":true,"href":"https:\/\/branal.si\/it\/wp-json\/wp\/v2\/users\/784"}],"replies":[{"embeddable":true,"href":"https:\/\/branal.si\/it\/wp-json\/wp\/v2\/comments?post=4942"}],"version-history":[{"count":1,"href":"https:\/\/branal.si\/it\/wp-json\/wp\/v2\/pages\/4942\/revisions"}],"predecessor-version":[{"id":4943,"href":"https:\/\/branal.si\/it\/wp-json\/wp\/v2\/pages\/4942\/revisions\/4943"}],"wp:attachment":[{"href":"https:\/\/branal.si\/it\/wp-json\/wp\/v2\/media?parent=4942"}],"curies":[{"name":"wp","href":"https:\/\/api.w.org\/{rel}","templated":true}]}}