{"id":5807,"date":"2020-09-14T12:23:50","date_gmt":"2020-09-14T12:23:50","guid":{"rendered":"https:\/\/branal.si\/?page_id=5807"},"modified":"2020-09-14T12:23:50","modified_gmt":"2020-09-14T12:23:50","slug":"introduzione","status":"publish","type":"page","link":"https:\/\/branal.si\/it\/introduzione\/","title":{"rendered":"Introduzione"},"content":{"rendered":"<section class=\"wpb-content-wrapper\"><p>[vc_row content_placement=&#8221;middle&#8221;][vc_column width=&#8221;2\/3&#8243;][vc_row_inner][vc_column_inner][vc_custom_heading text=&#8221;La nostra<br \/>\nstoria&#8221; font_container=&#8221;tag:h2|text_align:center&#8221; use_theme_fonts=&#8221;yes&#8221;][\/vc_column_inner][\/vc_row_inner][vc_column_text]I nostri inizi risalgono al 1972, tempi che non erano favorevoli alle attivit\u00e0 commerciale indipendenti. Fu allora che Andrej Beber Sr. Inizi\u00f2 l\u2019attivit\u00e0 di trasporto. Riusc\u00ec a trasmettere questa sua passione e competenza tecnica ai suoi figli, Ale\u0161 e Andrej, che unirono le forze in Branal e iniziarono ad espandere l\u2019attivit\u00e0. Il proprietario e direttore esecutivo dell\u2019azienda, Ale\u0161 Hace, ha concentrato l\u2019attivit\u00e0 dell\u2019azienda sul trasporto e il commercio di legname. Nel contempo, Andrej Beber Jr. ha iniziato a specializzarsi nel servizio di veicoli merci e nella produzione di servizi di miglioramento forestale.[\/vc_column_text][vc_row_inner][vc_column_inner width=&#8221;1\/3&#8243; css=&#8221;.vc_custom_1600070789881{border-right-width: 1px !important;padding-right: 15px !important;padding-left: 15px !important;border-right-color: #ababab !important;border-right-style: solid !important;}&#8221;][vc_icon icon_fontawesome=&#8221;fas fa-hands-helping&#8221; color=&#8221;custom&#8221; size=&#8221;lg&#8221; align=&#8221;center&#8221; custom_color=&#8221;#7e8690&#8243;][vc_column_text]<\/p>\n<h4 style=\"text-align: center;\"><span class=\"counterup\">450<\/span><\/h4>\n<h4 style=\"text-align: center;\">Clienti soddisfatti<\/h4>\n<div id=\"gtx-trans\" style=\"position: absolute; left: 253px; top: 88.5312px;\">\n<div class=\"gtx-trans-icon\"><\/div>\n<\/div>\n<p>[\/vc_column_text][\/vc_column_inner][vc_column_inner width=&#8221;1\/3&#8243; css=&#8221;.vc_custom_1600070817937{border-right-width: 1px !important;padding-right: 15px !important;padding-left: 15px !important;border-right-color: #ababab !important;border-right-style: solid !important;}&#8221;][vc_icon icon_fontawesome=&#8221;fas fa-male&#8221; color=&#8221;custom&#8221; size=&#8221;lg&#8221; align=&#8221;center&#8221; custom_color=&#8221;#7e8690&#8243;][vc_column_text]<\/p>\n<h4 style=\"text-align: center;\"><span class=\"counterup\">60<\/span><\/h4>\n<h4 style=\"text-align: center;\">Dipendenti<\/h4>\n<div id=\"gtx-trans\" style=\"position: absolute; left: 190px; top: 88.5312px;\">\n<div class=\"gtx-trans-icon\"><\/div>\n<\/div>\n<p>[\/vc_column_text][\/vc_column_inner][vc_column_inner width=&#8221;1\/3&#8243; css=&#8221;.vc_custom_1600071996986{border-right-width: 1px !important;padding-right: 15px !important;padding-left: 15px !important;border-right-color: #ffffff !important;border-right-style: solid !important;}&#8221;][vc_icon icon_fontawesome=&#8221;fas fa-truck-loading&#8221; color=&#8221;custom&#8221; size=&#8221;lg&#8221; align=&#8221;center&#8221; custom_color=&#8221;#7e8690&#8243;][vc_column_text]<\/p>\n<h4 style=\"text-align: center;\"><span class=\"counterup\">5<\/span><\/h4>\n<h4 style=\"text-align: center;\">Attivita<\/h4>\n<div id=\"gtx-trans\" style=\"position: absolute; left: 240px; top: 40.5312px;\">\n<div class=\"gtx-trans-icon\"><\/div>\n<\/div>\n<p>[\/vc_column_text][\/vc_column_inner][\/vc_row_inner][\/vc_column][vc_column width=&#8221;1\/3&#8243;][vc_single_image image=&#8221;4279&#8243; img_size=&#8221;394&#215;700&#8243;][\/vc_column][\/vc_row][vc_row el_class=&#8221;barva&#8221;][vc_column][vc_row_inner equal_height=&#8221;yes&#8221;][vc_column_inner width=&#8221;1\/3&#8243; css=&#8221;.vc_custom_1600072286879{padding-top: 150px !important;padding-bottom: 150px !important;background-image: url(https:\/\/branal.si\/wp-content\/uploads\/2020\/09\/1.jpg?id=5590) !important;background-position: center !important;background-repeat: no-repeat !important;background-size: cover !important;}&#8221;][vc_column_text]<\/p>\n<figure class=\"content-image\"><img decoding=\"async\" loading=\"lazy\" class=\"aligncenter\" src=\"https:\/\/branal.si\/wp-content\/uploads\/2019\/10\/Artboard-1-copy-10100.png\" alt=\"\" width=\"118\" height=\"118\" \/><\/figure>\n<div style=\"text-align: center;\"><strong>CAPACITA ANNUALE<\/strong><\/div>\n<div style=\"text-align: center;\">250,000m<sup>3 <\/sup>di tronchi trasportati<\/div>\n<div style=\"text-align: center;\">160,000m<sup>3<\/sup> di merce trasportata con veicoli forestali<\/div>\n<div style=\"text-align: center;\">100,000m<sup>3 <\/sup>chips di legno prodotte l\u2019anno<\/div>\n<p>[\/vc_column_text][\/vc_column_inner][vc_column_inner width=&#8221;1\/3&#8243; css=&#8221;.vc_custom_1600071904303{padding-top: 150px !important;padding-bottom: 150px !important;background-image: url(https:\/\/branal.si\/wp-content\/uploads\/2020\/09\/2.jpg?id=5594) !important;background-position: center !important;background-repeat: no-repeat !important;background-size: cover !important;}&#8221;][vc_column_text]<\/p>\n<figure class=\"content-image\"><img decoding=\"async\" loading=\"lazy\" class=\"aligncenter\" src=\"https:\/\/branal.si\/wp-content\/uploads\/2019\/10\/Artboard-1-copy-11100.png\" alt=\"\" width=\"118\" height=\"118\" \/><\/figure>\n<div style=\"text-align: center;\"><strong>MISSION E VISIONE<\/strong><br \/>\nSoddisfare le aspettative dei nostri partner e impostare dei trend con loro. Grazie alle nostre attivit\u00e0 diversificate, copriamo un\u2019ampia gamma di servizi, e consideriamo che questo sia un vantaggio sia per noi che per i nostri partner commerciali.<\/div>\n<p>[\/vc_column_text][\/vc_column_inner][vc_column_inner width=&#8221;1\/3&#8243; css=&#8221;.vc_custom_1600071912813{padding-top: 150px !important;padding-bottom: 150px !important;background-image: url(https:\/\/branal.si\/wp-content\/uploads\/2020\/09\/3.jpg?id=5598) !important;background-position: center !important;background-repeat: no-repeat !important;background-size: cover !important;}&#8221;][vc_column_text]<\/p>\n<figure class=\"content-image\"><img decoding=\"async\" loading=\"lazy\" class=\"aligncenter\" src=\"https:\/\/branal.si\/wp-content\/uploads\/2019\/10\/Artboard-1-copy-12100.png\" alt=\"\" width=\"118\" height=\"118\" \/><\/figure>\n<div style=\"text-align: center;\"><strong>RESPONSABILIT\u00c0 SOCIALE<\/strong><\/div>\n<div style=\"text-align: center;\">Responsabilit\u00e0 economica<br \/>\nResponsabilit\u00e0 legale<br \/>\nResponsabilit\u00e0 etica<br \/>\nResponsabilit\u00e0 filantropica<\/div>\n<p>[\/vc_column_text][\/vc_column_inner][\/vc_row_inner][\/vc_column][\/vc_row][vc_row css=&#8221;.vc_custom_1600072418563{padding-top: 50px !important;}&#8221;][vc_column][vc_separator color=&#8221;custom&#8221; accent_color=&#8221;#ababab&#8221;][\/vc_column][\/vc_row][vc_row][vc_column width=&#8221;1\/2&#8243;][vc_custom_heading text=&#8221;I nostri vantaggi&#8221; use_theme_fonts=&#8221;yes&#8221;][vc_column_text]La nostra lunga storia e il modello business \u00e8 semplice<\/p>\n<p>Essere un partner affidabile per tutte le nostre attivit\u00e0<\/p>\n<p>Una flotta veicoli moderna<\/p>\n<p>Offrire un servizio logistico con esperienza e di alta qualit\u00e0<\/p>\n<p>Le nostre capacit\u00e0 produttive[\/vc_column_text][\/vc_column][vc_column width=&#8221;1\/2&#8243;][vc_custom_heading text=&#8221;Certificati&#8221; use_theme_fonts=&#8221;yes&#8221;][vc_images_carousel images=&#8221;3311,3309,3307,3305,3303,3301,3299&#8243; img_size=&#8221;full&#8221; slides_per_view=&#8221;3&#8243; hide_prev_next_buttons=&#8221;yes&#8221;][\/vc_column][\/vc_row][vc_row full_width=&#8221;stretch_row&#8221; content_placement=&#8221;middle&#8221; css=&#8221;.vc_custom_1600072949746{margin-bottom: -80px !important;padding-bottom: 0px !important;background-color: #00adef !important;}&#8221;][vc_column width=&#8221;1\/2&#8243;][vc_column_text]<\/p>\n<h2 style=\"color: white;\">Hai bisogno di pi\u00f9 informazioni?<\/h2>\n<div class=\"kc-cta-text\" style=\"color: white;\">Siamo qui per aiutarvi. Chiamaci o inviaci un&#8217;e-mail o tramite i nostri canali di social media.<\/div>\n<p>[\/vc_column_text][\/vc_column][vc_column width=&#8221;1\/2&#8243;][vc_btn title=&#8221;CONTATTO&#8221; shape=&#8221;square&#8221; align=&#8221;center&#8221; link=&#8221;url:https%3A%2F%2Fbranal.si%2Fit%2Fcontatto%2F|title:Kontakt||&#8221;][\/vc_column][\/vc_row]<\/p>\n<\/section>","protected":false},"excerpt":{"rendered":"[vc_row content_placement=&#8221;middle&#8221;][vc_column width=&#8221;2\/3&#8243;][vc_row_inner][vc_column_inner][vc_custom_heading text=&#8221;La nostra storia&#8221; font_container=&#8221;tag:h2|text_align:center&#8221; use_theme_fonts=&#8221;yes&#8221;][\/vc_column_inner][\/vc_row_inner][vc_column_text]I nostri inizi risalgono al 1972, tempi che non erano favorevoli alle attivit\u00e0 commerciale indipendenti. Fu allora che Andrej Beber Sr. Inizi\u00f2 l\u2019attivit\u00e0 di trasporto. Riusc\u00ec a trasmettere questa sua passione e competenza tecnica ai suoi figli, Ale\u0161 e Andrej, che unirono le forze in Branal e iniziarono ","protected":false},"author":784,"featured_media":0,"parent":0,"menu_order":0,"comment_status":"closed","ping_status":"closed","template":"","meta":{"inline_featured_image":false},"_links":{"self":[{"href":"https:\/\/branal.si\/it\/wp-json\/wp\/v2\/pages\/5807"}],"collection":[{"href":"https:\/\/branal.si\/it\/wp-json\/wp\/v2\/pages"}],"about":[{"href":"https:\/\/branal.si\/it\/wp-json\/wp\/v2\/types\/page"}],"author":[{"embeddable":true,"href":"https:\/\/branal.si\/it\/wp-json\/wp\/v2\/users\/784"}],"replies":[{"embeddable":true,"href":"https:\/\/branal.si\/it\/wp-json\/wp\/v2\/comments?post=5807"}],"version-history":[{"count":1,"href":"https:\/\/branal.si\/it\/wp-json\/wp\/v2\/pages\/5807\/revisions"}],"predecessor-version":[{"id":5808,"href":"https:\/\/branal.si\/it\/wp-json\/wp\/v2\/pages\/5807\/revisions\/5808"}],"wp:attachment":[{"href":"https:\/\/branal.si\/it\/wp-json\/wp\/v2\/media?parent=5807"}],"curies":[{"name":"wp","href":"https:\/\/api.w.org\/{rel}","templated":true}]}}