{"id":5859,"date":"2020-09-14T13:32:45","date_gmt":"2020-09-14T13:32:45","guid":{"rendered":"https:\/\/branal.si\/?page_id=5859"},"modified":"2021-01-28T15:37:00","modified_gmt":"2021-01-28T15:37:00","slug":"transporto","status":"publish","type":"page","link":"https:\/\/branal.si\/it\/i-nostri-servizi\/transporto\/","title":{"rendered":"Transporto"},"content":{"rendered":"<section class=\"wpb-content-wrapper\"><p>[vc_row content_placement=&#8221;middle&#8221;][vc_column width=&#8221;1\/2&#8243;][vc_column_text]<\/p>\n<div class=\"kc-elm kc-css-285408 kc-title-wrap \">\n<div class=\"kc-elm kc-css-145418 kc-title-wrap \">\n<div class=\"kc-elm kc-css-140491 kc-title-wrap \">\n<h1 class=\"kc_title\">Perch\u00e9 scegliere Branal?<\/h1>\n<\/div>\n<div class=\"kc-elm kc-css-350749 kc_text_block\">\n<p>Perch\u00e9 noi ascoltiamo le esigenze del cliente e troviamo sempre la soluzione migliore. Rispettiamo gli accordi e ci aspettiamo lo stesso dai nostri clienti. Lavoriamo assieme ai clienti partendo dal concept fino all\u2019esecuzione. Nutriamo relazioni a lungo termine con i nostri clienti. Offriamo una gamma di veicoli moderni che si adattano ad una variet\u00e0 di esigenze di trasporto, un centro servizi logistici avanzato e un team di servizio di supporto.<\/p>\n<\/div>\n<div class=\"kc-elm kc-css-306719 kc_text_block\">\n<p>La nostra flotta veicoli include oltre 40 veicoli ecologici (EURO 5, EEV ed EURO 6). Tutti i veicoli sono equipaggiati con dispositivi di tracciamento che consentono ai clienti di monitorare il carico dell\u2019ordine e il trasporto.<\/p>\n<\/div>\n<\/div>\n<\/div>\n<p>[\/vc_column_text][\/vc_column][vc_column width=&#8221;1\/2&#8243;][vc_single_image image=&#8221;4445&#8243; img_size=&#8221;394&#215;700&#8243; alignment=&#8221;right&#8221;][\/vc_column][\/vc_row][vc_row el_class=&#8221;barva&#8221;][vc_column][vc_column_text el_class=&#8221;barva2&#8243;]<\/p>\n<h2 class=\"vc_custom_heading\" style=\"text-align: center;\">I nostri servizi trasporto<\/h2>\n<p>[\/vc_column_text][vc_row_inner equal_height=&#8221;yes&#8221;][vc_column_inner width=&#8221;1\/4&#8243; css=&#8221;.vc_custom_1600082959509{padding-top: 50px !important;padding-bottom: 50px !important;background-image: url(https:\/\/branal.si\/wp-content\/uploads\/2020\/09\/razsut_tovor_neu.jpg?id=5752) !important;background-position: center !important;background-repeat: no-repeat !important;background-size: cover !important;}&#8221;][vc_column_text]<\/p>\n<figure class=\"content-image\"><img decoding=\"async\" loading=\"lazy\" class=\"aligncenter\" src=\"https:\/\/branal.si\/wp-content\/uploads\/2019\/10\/RANAL_GRAFIKE-01.png\" alt=\"\" width=\"118\" height=\"118\" \/><\/figure>\n<div style=\"text-align: center;\"><strong>TRASPORTO CARICHI ALL\u2019INGROSSO<\/strong><br \/>\nscorie non pericolose per l\u2019industria<\/div>\n<p>[\/vc_column_text][\/vc_column_inner][vc_column_inner width=&#8221;1\/4&#8243; css=&#8221;.vc_custom_1600082975068{padding-top: 50px !important;padding-bottom: 50px !important;background-image: url(https:\/\/branal.si\/wp-content\/uploads\/2020\/09\/zagan_les_neu.jpg?id=5756) !important;background-position: center !important;background-repeat: no-repeat !important;background-size: cover !important;}&#8221;][vc_column_text]<\/p>\n<figure class=\"content-image\"><img decoding=\"async\" loading=\"lazy\" class=\"aligncenter\" src=\"https:\/\/branal.si\/wp-content\/uploads\/2019\/10\/RANAL_GRAFIKE-04.png\" alt=\"\" width=\"118\" height=\"118\" \/><\/figure>\n<div style=\"text-align: center;\"><strong>TRASPORTO LEGNAME SEGATO<\/strong><br \/>\n(con o senza telone cerato protettivo)<\/div>\n<div id=\"gtx-trans\" style=\"position: absolute; left: 134px; top: 171.875px;\">\n<div class=\"gtx-trans-icon\"><\/div>\n<\/div>\n<p>[\/vc_column_text][\/vc_column_inner][vc_column_inner width=&#8221;1\/4&#8243; css=&#8221;.vc_custom_1600083002963{padding-top: 50px !important;padding-bottom: 50px !important;background-image: url(https:\/\/branal.si\/wp-content\/uploads\/2020\/09\/kontejnerji_neu.jpg?id=5744) !important;background-position: center !important;background-repeat: no-repeat !important;background-size: cover !important;}&#8221;][vc_column_text]<\/p>\n<figure class=\"content-image\"><img decoding=\"async\" loading=\"lazy\" class=\"aligncenter\" src=\"https:\/\/branal.si\/wp-content\/uploads\/2019\/10\/RANAL_GRAFIKE-10.png\" alt=\"\" width=\"118\" height=\"118\" \/><\/figure>\n<div style=\"text-align: center;\"><strong>TRASPORTO CONTAINER<\/strong><br \/>\n6 m\/12 m<\/div>\n<p>[\/vc_column_text][\/vc_column_inner][vc_column_inner width=&#8221;1\/4&#8243; css=&#8221;.vc_custom_1600083023994{padding-top: 50px !important;padding-bottom: 50px !important;background-image: url(https:\/\/branal.si\/wp-content\/uploads\/2020\/09\/oblovina_neu.jpg?id=5748) !important;background-position: center !important;background-repeat: no-repeat !important;background-size: cover !important;}&#8221;][vc_column_text]<\/p>\n<figure class=\"content-image\"><img decoding=\"async\" loading=\"lazy\" class=\"aligncenter\" src=\"https:\/\/branal.si\/wp-content\/uploads\/2019\/10\/RANAL_GRAFIKE-09.png\" alt=\"\" width=\"118\" height=\"118\" \/><\/figure>\n<div style=\"text-align: center;\"><strong>TRASPORTO TRONCHI<\/strong><\/div>\n<div id=\"gtx-trans\" style=\"position: absolute; left: 112px; top: 148px;\">\n<div class=\"gtx-trans-icon\"><\/div>\n<\/div>\n<p>[\/vc_column_text][\/vc_column_inner][\/vc_row_inner][\/vc_column][\/vc_row][vc_row content_placement=&#8221;middle&#8221; css=&#8221;.vc_custom_1600080118318{margin-top: 50px !important;}&#8221;][vc_column width=&#8221;1\/2&#8243;][vc_column_text]<\/p>\n<h2 class=\"vc_custom_heading\">Dettagli di contatto<\/h2>\n<div id=\"gtx-trans\" style=\"position: absolute; left: -84px; top: -0.5625px;\">\n<div class=\"gtx-trans-icon\"><\/div>\n<\/div>\n<p>[\/vc_column_text][vc_single_image image=&#8221;4395&#8243; img_size=&#8221;large&#8221;][\/vc_column][vc_column width=&#8221;1\/2&#8243;][vc_column_text]<\/p>\n<h4>Samo \u017dnidar\u0161i\u010d (trasporto all\u2019ingrosso di materie grezze non pericolose)<\/h4>\n<p><a href=\"tel:+386 51 665 524\">+386 51 665 524<\/a><br \/>\n<a href=\"mailto:samo@branal.si\">samo@branal.si<\/a><\/p>\n<h4>Ale\u0161 Hace (trasporto tronchi e legname segato)<\/h4>\n<p><a href=\"tel:+386 41 626 389\">+386 41 626 389<\/a><br \/>\n<a href=\"mailto:dispo@branal.si\">dispo@branal.si<\/a><\/p>\n<div id=\"gtx-trans\" style=\"position: absolute; left: 66px; top: 157.797px;\">\n<div class=\"gtx-trans-icon\"><\/div>\n<\/div>\n<p>[\/vc_column_text][\/vc_column][\/vc_row][vc_row full_width=&#8221;stretch_row&#8221; content_placement=&#8221;middle&#8221; css=&#8221;.vc_custom_1600072949746{margin-bottom: -80px !important;padding-bottom: 0px !important;background-color: #00adef !important;}&#8221;][vc_column width=&#8221;1\/2&#8243;][vc_column_text]<\/p>\n<h2 style=\"color: white;\">Hai bisogno di maggiori informazioni?<\/h2>\n<div class=\"kc-cta-text\" style=\"color: white;\">Siamo qui per aiutarti. Chiamaci, inviaci una e-mail o contattaci attraverso i nostri canali di social media.<\/div>\n<p>[\/vc_column_text][\/vc_column][vc_column width=&#8221;1\/2&#8243;][vc_btn title=&#8221;CONTACCI&#8221; shape=&#8221;square&#8221; align=&#8221;center&#8221; link=&#8221;url:https%3A%2F%2Fbranal.si%2Fit%2Fcontatto%2F|title:Kontakt||&#8221;][\/vc_column][\/vc_row]<\/p>\n<\/section>","protected":false},"excerpt":{"rendered":"[vc_row content_placement=&#8221;middle&#8221;][vc_column width=&#8221;1\/2&#8243;][vc_column_text] Perch\u00e9 scegliere Branal? Perch\u00e9 noi ascoltiamo le esigenze del cliente e troviamo sempre la soluzione migliore. Rispettiamo gli accordi e ci aspettiamo lo stesso dai nostri clienti. Lavoriamo assieme ai clienti partendo dal concept fino all\u2019esecuzione. Nutriamo relazioni a lungo termine con i nostri clienti. Offriamo una gamma di veicoli moderni che ","protected":false},"author":784,"featured_media":0,"parent":5819,"menu_order":0,"comment_status":"closed","ping_status":"closed","template":"","meta":{"inline_featured_image":false},"_links":{"self":[{"href":"https:\/\/branal.si\/it\/wp-json\/wp\/v2\/pages\/5859"}],"collection":[{"href":"https:\/\/branal.si\/it\/wp-json\/wp\/v2\/pages"}],"about":[{"href":"https:\/\/branal.si\/it\/wp-json\/wp\/v2\/types\/page"}],"author":[{"embeddable":true,"href":"https:\/\/branal.si\/it\/wp-json\/wp\/v2\/users\/784"}],"replies":[{"embeddable":true,"href":"https:\/\/branal.si\/it\/wp-json\/wp\/v2\/comments?post=5859"}],"version-history":[{"count":3,"href":"https:\/\/branal.si\/it\/wp-json\/wp\/v2\/pages\/5859\/revisions"}],"predecessor-version":[{"id":5950,"href":"https:\/\/branal.si\/it\/wp-json\/wp\/v2\/pages\/5859\/revisions\/5950"}],"up":[{"embeddable":true,"href":"https:\/\/branal.si\/it\/wp-json\/wp\/v2\/pages\/5819"}],"wp:attachment":[{"href":"https:\/\/branal.si\/it\/wp-json\/wp\/v2\/media?parent=5859"}],"curies":[{"name":"wp","href":"https:\/\/api.w.org\/{rel}","templated":true}]}}